{"id":482,"date":"2023-06-01T19:19:15","date_gmt":"2023-06-01T19:19:15","guid":{"rendered":"https:\/\/bomberosantonioante.gob.ec\/web\/?page_id=482"},"modified":"2025-10-13T19:45:37","modified_gmt":"2025-10-13T19:45:37","slug":"planes-de-emergencia","status":"publish","type":"page","link":"https:\/\/bomberosantonioante.gob.ec\/web\/planes-de-emergencia\/","title":{"rendered":"PLANES DE EMERGENCIA"},"content":{"rendered":"<div class=\"wpb-content-wrapper\"><p>[vc_row woodmart_stretch_content=\u00bbsection-stretch-content-no-pd\u00bb woodmart_bg_position=\u00bbcenter-center\u00bb css=\u00bb.vc_custom_1685053762955{margin-top: -38px !important;background-image: url(https:\/\/bomberosantonioante.gob.ec\/web\/wp-content\/uploads\/2023\/05\/DSC00736.jpg?id=89) !important;background-position: center !important;background-repeat: no-repeat !important;background-size: cover !important;}\u00bb woodmart_css_id=\u00bb646fe112bd617&#8243; responsive_spacing=\u00bbeyJwYXJhbV90eXBlIjoid29vZG1hcnRfcmVzcG9uc2l2ZV9zcGFjaW5nIiwic2VsZWN0b3JfaWQiOiI2NDZmZTExMmJkNjE3Iiwic2hvcnRjb2RlIjoidmNfcm93IiwiZGF0YSI6eyJ0YWJsZXQiOnt9LCJtb2JpbGUiOnt9fX0=\u00bb mobile_bg_img_hidden=\u00bbno\u00bb tablet_bg_img_hidden=\u00bbno\u00bb woodmart_parallax=\u00bb0&#8243; woodmart_gradient_switch=\u00bbno\u00bb woodmart_box_shadow=\u00bbno\u00bb wd_z_index=\u00bbno\u00bb woodmart_disable_overflow=\u00bb0&#8243; row_reverse_mobile=\u00bb0&#8243; row_reverse_tablet=\u00bb0&#8243;][vc_column][vc_empty_space height=\u00bb600px\u00bb woodmart_hide_large=\u00bb0&#8243; woodmart_hide_medium=\u00bb0&#8243; woodmart_hide_small=\u00bb0&#8243;][\/vc_column][\/vc_row][vc_row css=\u00bb.vc_custom_1684931317274{margin-top: -90px !important;margin-right: 8% !important;margin-left: 8% !important;border-top-width: 10px !important;border-right-width: 10px !important;border-bottom-width: 10px !important;border-left-width: 10px !important;background-color: #505050 !important;border-left-color: #333333 !important;border-left-style: solid !important;border-right-color: #333333 !important;border-right-style: solid !important;border-top-color: #333333 !important;border-top-style: solid !important;border-bottom-color: #333333 !important;border-bottom-style: solid !important;border-radius: 35px !important;}\u00bb woodmart_css_id=\u00bb646e02ccf2906&#8243; responsive_spacing=\u00bbeyJwYXJhbV90eXBlIjoid29vZG1hcnRfcmVzcG9uc2l2ZV9zcGFjaW5nIiwic2VsZWN0b3JfaWQiOiI2NDZlMDJjY2YyOTA2Iiwic2hvcnRjb2RlIjoidmNfcm93IiwiZGF0YSI6eyJ0YWJsZXQiOnt9LCJtb2JpbGUiOnt9fX0=\u00bb mobile_bg_img_hidden=\u00bbno\u00bb tablet_bg_img_hidden=\u00bbno\u00bb woodmart_parallax=\u00bb0&#8243; woodmart_gradient_switch=\u00bbno\u00bb woodmart_box_shadow=\u00bbno\u00bb wd_z_index=\u00bbyes\u00bb woodmart_disable_overflow=\u00bb0&#8243; row_reverse_mobile=\u00bb0&#8243; row_reverse_tablet=\u00bb0&#8243; wd_z_index_custom=\u00bbeyJkZXZpY2VzIjp7ImRlc2t0b3AiOnsidmFsdWUiOiIzNTAifX19&#8243;][vc_column css=\u00bb.vc_custom_1684931515620{margin-top: -70px !important;padding-top: 10px !important;padding-right: 30px !important;padding-bottom: 10px !important;padding-left: 30px !important;}\u00bb woodmart_css_id=\u00bb646e03abe0df1&#8243; parallax_scroll=\u00bbno\u00bb woodmart_sticky_column=\u00bbfalse\u00bb wd_collapsible_content_switcher=\u00bbno\u00bb wd_column_role_offcanvas_desktop=\u00bbno\u00bb wd_column_role_offcanvas_tablet=\u00bbno\u00bb wd_column_role_offcanvas_mobile=\u00bbno\u00bb wd_column_role_content_desktop=\u00bbno\u00bb wd_column_role_content_tablet=\u00bbno\u00bb wd_column_role_content_mobile=\u00bbno\u00bb mobile_bg_img_hidden=\u00bbno\u00bb tablet_bg_img_hidden=\u00bbno\u00bb woodmart_parallax=\u00bb0&#8243; woodmart_box_shadow=\u00bbno\u00bb responsive_spacing=\u00bbeyJwYXJhbV90eXBlIjoid29vZG1hcnRfcmVzcG9uc2l2ZV9zcGFjaW5nIiwic2VsZWN0b3JfaWQiOiI2NDZlMDNhYmUwZGYxIiwic2hvcnRjb2RlIjoidmNfY29sdW1uIiwiZGF0YSI6eyJ0YWJsZXQiOnt9LCJtb2JpbGUiOnsibWFyZ2luLXRvcCI6Ii00MHB4IiwibWFyZ2luLXJpZ2h0IjoiMHB4IiwibWFyZ2luLWJvdHRvbSI6IjBweCIsIm1hcmdpbi1sZWZ0IjoiMHB4IiwicGFkZGluZy10b3AiOiIxcHgiLCJwYWRkaW5nLXJpZ2h0IjoiMTVweCIsInBhZGRpbmctYm90dG9tIjoiMXB4IiwicGFkZGluZy1sZWZ0IjoiMTVweCJ9fX0=\u00bb mobile_reset_margin=\u00bbno\u00bb tablet_reset_margin=\u00bbno\u00bb wd_z_index=\u00bbno\u00bb][vc_empty_space height=\u00bb70px\u00bb woodmart_hide_large=\u00bb0&#8243; woodmart_hide_medium=\u00bb0&#8243; woodmart_hide_small=\u00bb0&#8243;]\t\t\t<link rel=\"stylesheet\" id=\"wd-section-title-css\" href=\"https:\/\/bomberosantonioante.gob.ec\/web\/wp-content\/themes\/woodmart\/css\/parts\/el-section-title.min.css?ver=7.2.3\" type=\"text\/css\" media=\"all\" \/> \t\t\t\t\t\t<link rel=\"stylesheet\" id=\"wd-section-title-style-under-and-over-css\" href=\"https:\/\/bomberosantonioante.gob.ec\/web\/wp-content\/themes\/woodmart\/css\/parts\/el-section-title-style-under-and-over.min.css?ver=7.2.3\" type=\"text\/css\" media=\"all\" \/> \t\t\t\t\t\t<link rel=\"stylesheet\" id=\"wd-mod-highlighted-text-css\" href=\"https:\/\/bomberosantonioante.gob.ec\/web\/wp-content\/themes\/woodmart\/css\/parts\/mod-highlighted-text.min.css?ver=7.2.3\" type=\"text\/css\" media=\"all\" \/> \t\t\t\n\t\t<div id=\"wd-68e41b4f1b7b2\" class=\"title-wrapper wd-wpb set-mb-s reset-last-child  wd-rs-68e41b4f1b7b2 wd-title-color-gradient wd-title-style-underlined text-center  wd-underline-colored\">\n\t\t\t\n\t\t\t<div class=\"liner-continer\">\n\t\t\t\t<h4 class=\"woodmart-title-container title  wd-font-weight- wd-fontsize-xxxl\" style=\"background-image:-webkit-linear-gradient(left , rgb(255, 3, 0) , rgb(255, 0, 0) , rgb(255, 255, 255) 24% , rgb(255, 255, 255) 72% , rgb(255, 0, 0) 100%);background-image:linear-gradient(to right , rgb(255, 3, 0) , rgb(255, 0, 0) , rgb(255, 255, 255) 24% , rgb(255, 255, 255) 72% , rgb(255, 0, 0) 100%);;\">PLANES DE EMERGENCIA<\/h4>\n\t\t\t\t\t\t\t<\/div>\n\t\t\t\n\t\t\t\n\t\t\t\n\t\t<\/div>\n\t\t\n\t\t[vc_empty_space height=\u00bb10px\u00bb woodmart_hide_large=\u00bb0&#8243; woodmart_hide_medium=\u00bb0&#8243; woodmart_hide_small=\u00bb0&#8243;][vc_column_text woodmart_color_scheme=\u00bblight\u00bb woodmart_inline=\u00bbno\u00bb text_larger=\u00bbno\u00bb]<\/p>\n<p style=\"text-align: center;\">El cuerpo de Bomberos de Antonio Ante fue creado en el a\u00f1o de 1969, de conformidad al Acta n\u00famero uno de fecha doce de diciembre de 1969; Acta firmada por los Miembros del Consejo de Administraci\u00f3n y Disciplina, de aquel entonces.<\/p>\n<p>[\/vc_column_text][vc_empty_space height=\u00bb25x\u00bb woodmart_hide_large=\u00bb0&#8243; woodmart_hide_medium=\u00bb0&#8243; woodmart_hide_small=\u00bb0&#8243;][\/vc_column][\/vc_row][vc_row equal_height=\u00bbyes\u00bb woodmart_stretch_content=\u00bbsection-stretch\u00bb css=\u00bb.vc_custom_1685054592472{margin-top: 100px !important;border-top-width: 10px !important;padding-top: 0px !important;padding-right: 0px !important;padding-bottom: 0px !important;padding-left: 0px !important;border-top-color: #dd0000 !important;border-top-style: solid !important;}\u00bb woodmart_css_id=\u00bb646fe470581ad\u00bb responsive_spacing=\u00bbeyJwYXJhbV90eXBlIjoid29vZG1hcnRfcmVzcG9uc2l2ZV9zcGFjaW5nIiwic2VsZWN0b3JfaWQiOiI2NDZmZTQ3MDU4MWFkIiwic2hvcnRjb2RlIjoidmNfcm93IiwiZGF0YSI6eyJ0YWJsZXQiOnt9LCJtb2JpbGUiOnt9fX0=\u00bb mobile_bg_img_hidden=\u00bbno\u00bb tablet_bg_img_hidden=\u00bbno\u00bb woodmart_parallax=\u00bb0&#8243; woodmart_gradient_switch=\u00bbno\u00bb woodmart_box_shadow=\u00bbno\u00bb wd_z_index=\u00bbno\u00bb woodmart_disable_overflow=\u00bb0&#8243; row_reverse_mobile=\u00bb0&#8243; row_reverse_tablet=\u00bb0&#8243;][vc_column width=\u00bb1\/2&#8243; css=\u00bb.vc_custom_1685053631296{padding-top: 55px !important;padding-right: 55px !important;padding-bottom: 55px !important;padding-left: 55px !important;background-color: #f4f4f4 !important;}\u00bb woodmart_css_id=\u00bb646fe0a799bfd\u00bb parallax_scroll=\u00bbno\u00bb woodmart_sticky_column=\u00bbfalse\u00bb wd_collapsible_content_switcher=\u00bbno\u00bb wd_column_role_offcanvas_desktop=\u00bbno\u00bb wd_column_role_offcanvas_tablet=\u00bbno\u00bb wd_column_role_offcanvas_mobile=\u00bbno\u00bb wd_column_role_content_desktop=\u00bbno\u00bb wd_column_role_content_tablet=\u00bbno\u00bb wd_column_role_content_mobile=\u00bbno\u00bb mobile_bg_img_hidden=\u00bbno\u00bb tablet_bg_img_hidden=\u00bbno\u00bb woodmart_parallax=\u00bb0&#8243; woodmart_box_shadow=\u00bbno\u00bb responsive_spacing=\u00bbeyJwYXJhbV90eXBlIjoid29vZG1hcnRfcmVzcG9uc2l2ZV9zcGFjaW5nIiwic2VsZWN0b3JfaWQiOiI2NDZmZTBhNzk5YmZkIiwic2hvcnRjb2RlIjoidmNfY29sdW1uIiwiZGF0YSI6eyJ0YWJsZXQiOnt9LCJtb2JpbGUiOnsicGFkZGluZy10b3AiOiIzMHB4IiwicGFkZGluZy1yaWdodCI6IjMwcHgiLCJwYWRkaW5nLWJvdHRvbSI6IjMwcHgiLCJwYWRkaW5nLWxlZnQiOiIzMHB4In19fQ==\u00bb mobile_reset_margin=\u00bbno\u00bb tablet_reset_margin=\u00bbno\u00bb wd_z_index=\u00bbno\u00bb][vc_column_text css=\u00bb\u00bb woodmart_inline=\u00bbno\u00bb text_larger=\u00bbno\u00bb]<\/p>\n<blockquote>\n<p class=\"vc_custom_heading\">Formato gratuito para la elaboraci\u00f3n de planes de emergencia del Cuerpo de Bomberos de Antonio Ante.<\/p>\n<p class=\"vc_custom_heading\"><span style=\"color: #ff0000;\"><a style=\"color: #ff0000;\" href=\"https:\/\/bomberosantonioante.gob.ec\/web\/wp-content\/uploads\/2023\/06\/FORMATO-PARA-LA-ELABORACION-DE-PLANES-DE-EMERGENCIA-CBAA.docx\" target=\"_blank\" rel=\"noopener noreferrer\">Abrir \/Descargar Documento en formato Word<\/a><\/span><\/p>\n<p><span style=\"color: #ff0000;\"><a style=\"color: #ff0000;\" href=\"https:\/\/bomberosantonioante.gob.ec\/web\/wp-content\/uploads\/2023\/06\/FORMATO-PARA-LA-ELABORACION-DE-PLANES-DE-EMERGENCIA-CBAA.zip\" target=\"_blank\" rel=\"noopener noreferrer\">Abrir \/Descargar Documento en formato .zip<\/a><\/span><\/p><\/blockquote>\n<p>[\/vc_column_text][\/vc_column][vc_column width=\u00bb1\/2&#8243;][vc_single_image image=\u00bb790&#8243; img_size=\u00bbfull\u00bb parallax_scroll=\u00bbno\u00bb woodmart_inline=\u00bbno\u00bb][\/vc_column][\/vc_row][vc_row gap=\u00bb35&#8243; equal_height=\u00bbyes\u00bb parallax=\u00bbcontent-moving\u00bb parallax_image=\u00bb63&#8243; woodmart_stretch_content=\u00bbsection-stretch\u00bb woodmart_bg_position=\u00bbcenter-center\u00bb parallax_speed_bg=\u00bb1.4&#8243; woodmart_css_id=\u00bb646fcc8190fc3&#8243; responsive_spacing=\u00bbeyJwYXJhbV90eXBlIjoid29vZG1hcnRfcmVzcG9uc2l2ZV9zcGFjaW5nIiwic2VsZWN0b3JfaWQiOiI2NDZmY2M4MTkwZmMzIiwic2hvcnRjb2RlIjoidmNfcm93IiwiZGF0YSI6eyJ0YWJsZXQiOnt9LCJtb2JpbGUiOnsicGFkZGluZy10b3AiOiIxNXB4IiwicGFkZGluZy1yaWdodCI6IjE1cHgiLCJwYWRkaW5nLWJvdHRvbSI6IjE1cHgiLCJwYWRkaW5nLWxlZnQiOiIxNXB4In19fQ==\u00bb mobile_bg_img_hidden=\u00bbno\u00bb tablet_bg_img_hidden=\u00bbno\u00bb woodmart_parallax=\u00bb0&#8243; woodmart_gradient_switch=\u00bbno\u00bb woodmart_box_shadow=\u00bbno\u00bb wd_z_index=\u00bbno\u00bb woodmart_disable_overflow=\u00bb0&#8243; row_reverse_mobile=\u00bb0&#8243; row_reverse_tablet=\u00bb0&#8243; css=\u00bb.vc_custom_1685048459022{margin-top: 100px !important;padding-top: 0px !important;padding-right: 0px !important;padding-bottom: 0px !important;padding-left: 0px !important;background-position: center;background-repeat: no-repeat;background-size: contain !important;}\u00bb][vc_column width=\u00bb2\/3&#8243; vertical_alignment=\u00bbeyJkZXZpY2VzIjp7ImRlc2t0b3AiOnsidmFsdWUiOiJjZW50ZXIifSwidGFibGV0Ijp7InZhbHVlIjoiIn0sIm1vYmlsZSI6eyJ2YWx1ZSI6IiJ9fX0=\u00bb woodmart_css_id=\u00bb646fcc4576739&#8243; parallax_scroll=\u00bbno\u00bb woodmart_sticky_column=\u00bbfalse\u00bb wd_collapsible_content_switcher=\u00bbno\u00bb wd_column_role_offcanvas_desktop=\u00bbno\u00bb wd_column_role_offcanvas_tablet=\u00bbno\u00bb wd_column_role_offcanvas_mobile=\u00bbno\u00bb wd_column_role_content_desktop=\u00bbno\u00bb wd_column_role_content_tablet=\u00bbno\u00bb wd_column_role_content_mobile=\u00bbno\u00bb mobile_bg_img_hidden=\u00bbno\u00bb tablet_bg_img_hidden=\u00bbno\u00bb woodmart_parallax=\u00bb0&#8243; woodmart_box_shadow=\u00bbno\u00bb responsive_spacing=\u00bbeyJwYXJhbV90eXBlIjoid29vZG1hcnRfcmVzcG9uc2l2ZV9zcGFjaW5nIiwic2VsZWN0b3JfaWQiOiI2NDZmY2M0NTc2NzM5Iiwic2hvcnRjb2RlIjoidmNfY29sdW1uIiwiZGF0YSI6eyJ0YWJsZXQiOnt9LCJtb2JpbGUiOnt9fX0=\u00bb mobile_reset_margin=\u00bbno\u00bb tablet_reset_margin=\u00bbno\u00bb wd_z_index=\u00bbno\u00bb css=\u00bb.vc_custom_1685048402180{padding-top: 100px !important;padding-right: 100px !important;padding-bottom: 100px !important;padding-left: 100px !important;}\u00bb][vc_empty_space woodmart_hide_large=\u00bb0&#8243; woodmart_hide_medium=\u00bb0&#8243; woodmart_hide_small=\u00bb0&#8243;][vc_column_text woodmart_color_scheme=\u00bblight\u00bb woodmart_inline=\u00bbno\u00bb text_larger=\u00bbno\u00bb]<\/p>\n<h3 style=\"text-align: center;\">Nos formamos bajo un eje pr\u00e1ctico, tecnol\u00f3gico e innovador para contar con personal altamente calificado y garantizar una atenci\u00f3n de calidad a toda la comunidad de Antonio Ante.<\/h3>\n<p>[\/vc_column_text][vc_empty_space woodmart_hide_large=\u00bb0&#8243; woodmart_hide_medium=\u00bb0&#8243; woodmart_hide_small=\u00bb0&#8243;][\/vc_column][vc_column width=\u00bb1\/3&#8243; vertical_alignment=\u00bbeyJkZXZpY2VzIjp7ImRlc2t0b3AiOnsidmFsdWUiOiJjZW50ZXIifSwidGFibGV0Ijp7InZhbHVlIjoiIn0sIm1vYmlsZSI6eyJ2YWx1ZSI6IiJ9fX0=\u00bb woodmart_css_id=\u00bb646fcafbf3dc3&#8243; parallax_scroll=\u00bbno\u00bb woodmart_sticky_column=\u00bbfalse\u00bb wd_collapsible_content_switcher=\u00bbno\u00bb wd_column_role_offcanvas_desktop=\u00bbno\u00bb wd_column_role_offcanvas_tablet=\u00bbno\u00bb wd_column_role_offcanvas_mobile=\u00bbno\u00bb wd_column_role_content_desktop=\u00bbno\u00bb wd_column_role_content_tablet=\u00bbno\u00bb wd_column_role_content_mobile=\u00bbno\u00bb mobile_bg_img_hidden=\u00bbno\u00bb tablet_bg_img_hidden=\u00bbno\u00bb woodmart_parallax=\u00bb0&#8243; woodmart_box_shadow=\u00bbno\u00bb responsive_spacing=\u00bbeyJwYXJhbV90eXBlIjoid29vZG1hcnRfcmVzcG9uc2l2ZV9zcGFjaW5nIiwic2VsZWN0b3JfaWQiOiI2NDZmY2FmYmYzZGMzIiwic2hvcnRjb2RlIjoidmNfY29sdW1uIiwiZGF0YSI6eyJ0YWJsZXQiOnt9LCJtb2JpbGUiOnt9fX0=\u00bb mobile_reset_margin=\u00bbno\u00bb tablet_reset_margin=\u00bbno\u00bb wd_z_index=\u00bbno\u00bb css=\u00bb.vc_custom_1685048074794{padding-top: 100px !important;padding-right: 100px !important;padding-bottom: 100px !important;padding-left: 100px !important;background-color: rgba(221,0,0,0.65) !important;background-position: center !important;background-repeat: no-repeat !important;background-size: cover !important;*background-color: rgb(221,0,0) !important;}\u00bb][vc_empty_space woodmart_hide_large=\u00bb0&#8243; woodmart_hide_medium=\u00bb0&#8243; woodmart_hide_small=\u00bb0&#8243;]<div id=\"wd-646fcb291da42\" class=\" wd-rs-646fcb291da42  wd-button-wrapper text-center\"><a href=\"https:\/\/bomberosantonioante.gob.ec\/web\/contacto\" title=\"\" class=\"btn btn-color-white btn-style-bordered btn-style-semi-round btn-size-extra-large\">Cont\u00e1ctanos<\/a><\/div>[vc_empty_space woodmart_hide_large=\u00bb0&#8243; woodmart_hide_medium=\u00bb0&#8243; woodmart_hide_small=\u00bb0&#8243;][\/vc_column][\/vc_row][vc_row css=\u00bb.vc_custom_1685048421348{margin-top: -80px !important;margin-right: 8% !important;margin-left: 8% !important;border-top-width: 10px !important;border-right-width: 10px !important;border-bottom-width: 10px !important;border-left-width: 10px !important;background-color: #555555 !important;border-left-color: #0f0f0f !important;border-left-style: solid !important;border-right-color: #0f0f0f !important;border-right-style: solid !important;border-top-color: #0f0f0f !important;border-top-style: solid !important;border-bottom-color: #0f0f0f !important;border-bottom-style: solid !important;border-radius: 35px !important;}\u00bb woodmart_css_id=\u00bb646fcc5f984b8&#8243; responsive_spacing=\u00bbeyJwYXJhbV90eXBlIjoid29vZG1hcnRfcmVzcG9uc2l2ZV9zcGFjaW5nIiwic2VsZWN0b3JfaWQiOiI2NDZmY2M1Zjk4NGI4Iiwic2hvcnRjb2RlIjoidmNfcm93IiwiZGF0YSI6eyJ0YWJsZXQiOnt9LCJtb2JpbGUiOnt9fX0=\u00bb mobile_bg_img_hidden=\u00bbno\u00bb tablet_bg_img_hidden=\u00bbno\u00bb woodmart_parallax=\u00bb0&#8243; woodmart_gradient_switch=\u00bbno\u00bb woodmart_box_shadow=\u00bbno\u00bb wd_z_index=\u00bbyes\u00bb woodmart_disable_overflow=\u00bb0&#8243; row_reverse_mobile=\u00bb0&#8243; row_reverse_tablet=\u00bb0&#8243; wd_z_index_custom=\u00bbeyJkZXZpY2VzIjp7ImRlc2t0b3AiOnsidmFsdWUiOiIzNTAifX19&#8243;][vc_column woodmart_css_id=\u00bb646fcc5a8da46&#8243; parallax_scroll=\u00bbno\u00bb woodmart_sticky_column=\u00bbfalse\u00bb wd_collapsible_content_switcher=\u00bbno\u00bb wd_column_role_offcanvas_desktop=\u00bbno\u00bb wd_column_role_offcanvas_tablet=\u00bbno\u00bb wd_column_role_offcanvas_mobile=\u00bbno\u00bb wd_column_role_content_desktop=\u00bbno\u00bb wd_column_role_content_tablet=\u00bbno\u00bb wd_column_role_content_mobile=\u00bbno\u00bb mobile_bg_img_hidden=\u00bbno\u00bb tablet_bg_img_hidden=\u00bbno\u00bb woodmart_parallax=\u00bb0&#8243; woodmart_box_shadow=\u00bbno\u00bb responsive_spacing=\u00bbeyJwYXJhbV90eXBlIjoid29vZG1hcnRfcmVzcG9uc2l2ZV9zcGFjaW5nIiwic2VsZWN0b3JfaWQiOiI2NDZmY2M1YThkYTQ2Iiwic2hvcnRjb2RlIjoidmNfY29sdW1uIiwiZGF0YSI6eyJ0YWJsZXQiOnt9LCJtb2JpbGUiOnt9fX0=\u00bb mobile_reset_margin=\u00bbno\u00bb tablet_reset_margin=\u00bbno\u00bb wd_z_index=\u00bbno\u00bb]\t\t\t<link rel=\"stylesheet\" id=\"wd-owl-carousel-css\" href=\"https:\/\/bomberosantonioante.gob.ec\/web\/wp-content\/themes\/woodmart\/css\/parts\/lib-owl-carousel.min.css?ver=7.2.3\" type=\"text\/css\" media=\"all\" \/> \t\t\t\t\t\t<div id=\"carousel-521\" class=\"wd-carousel-container info-box-carousel-wrapper  wd-carousel-spacing-30\" data-owl-carousel data-speed=\"3500\" data-autoplay=\"yes\" data-hide_pagination_control=\"no\" data-hide_prev_next_buttons=\"no\" data-dragEndSpeed=\"600\" data-desktop=\"4\" data-tablet_landscape=\"4\" data-tablet=\"3\" data-mobile=\"1\">\n\t\t\t\t<div class=\"owl-carousel wd-owl info-box-carousel  wd-rs-646d4c62eb2f8  owl-items-lg-4 owl-items-md-4 owl-items-sm-3 owl-items-xs-1\" >\n\t\t\t\t\t\t\t\t<link rel=\"stylesheet\" id=\"wd-int-el-animations-css\" href=\"https:\/\/bomberosantonioante.gob.ec\/web\/wp-content\/themes\/woodmart\/css\/parts\/int-wbp-el-animations.min.css?ver=7.2.3\" type=\"text\/css\" media=\"all\" \/> \t\t\t\t\t\t<link rel=\"stylesheet\" id=\"wd-info-box-css\" href=\"https:\/\/bomberosantonioante.gob.ec\/web\/wp-content\/themes\/woodmart\/css\/parts\/el-info-box.min.css?ver=7.2.3\" type=\"text\/css\" media=\"all\" \/> \t\t\t\t\t\t<div class=\"info-box-wrapper\">\n\t\t\t\t<div id=\"wd-646d9592e98b9\" class=\" wd-rs-646d9592e98b9 cursor-pointer wd-info-box wd-wpb text-center box-icon-align-top box-style- color-scheme- wd-bg-none wd-off-anim wpb_animate_when_almost_visible wpb_bounceIn bounceIn wd-anim-name_bounceIn \"  onclick=\"window.location.href=&quot;#&quot;\"  >\n\t\t\t\t\t\t\t\t\t\t\t<div class=\"box-icon-wrapper  box-with-icon box-icon-with-border\">\n\t\t\t\t\t\t\t<div class=\"info-box-icon\">\n\n\t\t\t\t\t\t\t\n\t\t\t\t\t\t\t\t\t\t\t\t\t\t\t\t\t<img loading=\"lazy\" decoding=\"async\" width=\"120\" height=\"120\" src=\"https:\/\/bomberosantonioante.gob.ec\/web\/wp-content\/uploads\/2023\/05\/iconos-documentos.png\" class=\"info-icon image-1 attachment-full\" alt=\"\" title=\"iconos-documentos\" \/>\t\t\t\t\t\t\t\t\t\t\t\t\t\t\t\n\t\t\t\t\t\t\t<\/div>\n\t\t\t\t\t\t<\/div>\n\t\t\t\t\t\t\t\t\t\t<div class=\"info-box-content\">\n\t\t\t\t\t\t<h4 class=\"info-box-title title box-title-style-default wd-fontsize-m\">DOCUMENTOS<\/h4>\t\t\t\t\t\t<div class=\"info-box-inner set-cont-mb-s reset-last-child\">\n\t\t\t\t\t\t\t\t\t\t\t\t\t<\/div>\n\n\t\t\t\t\t\t\t\t\t\t\t<\/div>\n\n\t\t\t\t\t<style>#wd-646d9592e98b9 .info-box-icon {background-color:  !important;}#wd-646d9592e98b9:hover .info-box-icon{background-color:  !important;}<\/style>\t\t\t\t<\/div>\n\t\t\t<\/div>\n\t\t\t\t\t<div class=\"info-box-wrapper\">\n\t\t\t\t<div id=\"wd-646d95c3b5f00\" class=\" wd-rs-646d95c3b5f00 cursor-pointer wd-info-box wd-wpb text-center box-icon-align-top box-style- color-scheme- wd-bg-none wd-off-anim wpb_animate_when_almost_visible wpb_bounceIn bounceIn wd-anim-name_bounceIn \"  onclick=\"window.location.href=&quot;#&quot;\"  >\n\t\t\t\t\t\t\t\t\t\t\t<div class=\"box-icon-wrapper  box-with-icon box-icon-with-border\">\n\t\t\t\t\t\t\t<div class=\"info-box-icon\">\n\n\t\t\t\t\t\t\t\n\t\t\t\t\t\t\t\t\t\t\t\t\t\t\t\t\t<img loading=\"lazy\" decoding=\"async\" width=\"120\" height=\"120\" src=\"https:\/\/bomberosantonioante.gob.ec\/web\/wp-content\/uploads\/2023\/05\/iconos-permisos.png\" class=\"info-icon image-1 attachment-full\" alt=\"\" title=\"iconos-permisos\" \/>\t\t\t\t\t\t\t\t\t\t\t\t\t\t\t\n\t\t\t\t\t\t\t<\/div>\n\t\t\t\t\t\t<\/div>\n\t\t\t\t\t\t\t\t\t\t<div class=\"info-box-content\">\n\t\t\t\t\t\t<h4 class=\"info-box-title title box-title-style-default wd-fontsize-m\">PERMISO DE FUNCIONAMIENTO<\/h4>\t\t\t\t\t\t<div class=\"info-box-inner set-cont-mb-s reset-last-child\">\n\t\t\t\t\t\t\t\t\t\t\t\t\t<\/div>\n\n\t\t\t\t\t\t\t\t\t\t\t<\/div>\n\n\t\t\t\t\t<style>#wd-646d95c3b5f00 .info-box-icon {background-color:  !important;}#wd-646d95c3b5f00:hover .info-box-icon{background-color:  !important;}<\/style>\t\t\t\t<\/div>\n\t\t\t<\/div>\n\t\t\t\t\t<div class=\"info-box-wrapper\">\n\t\t\t\t<div id=\"wd-646d95d2b2ce5\" class=\" wd-rs-646d95d2b2ce5 cursor-pointer wd-info-box wd-wpb text-center box-icon-align-top box-style- color-scheme- wd-bg-none wd-off-anim wpb_animate_when_almost_visible wpb_bounceIn bounceIn wd-anim-name_bounceIn \"  onclick=\"window.location.href=&quot;#&quot;\"  >\n\t\t\t\t\t\t\t\t\t\t\t<div class=\"box-icon-wrapper  box-with-icon box-icon-with-border\">\n\t\t\t\t\t\t\t<div class=\"info-box-icon\">\n\n\t\t\t\t\t\t\t\n\t\t\t\t\t\t\t\t\t\t\t\t\t\t\t\t\t<img loading=\"lazy\" decoding=\"async\" width=\"120\" height=\"120\" src=\"https:\/\/bomberosantonioante.gob.ec\/web\/wp-content\/uploads\/2023\/05\/iconos-denuncias.png\" class=\"info-icon image-1 attachment-full\" alt=\"\" title=\"iconos-denuncias\" \/>\t\t\t\t\t\t\t\t\t\t\t\t\t\t\t\n\t\t\t\t\t\t\t<\/div>\n\t\t\t\t\t\t<\/div>\n\t\t\t\t\t\t\t\t\t\t<div class=\"info-box-content\">\n\t\t\t\t\t\t<h4 class=\"info-box-title title box-title-style-default wd-fontsize-m\">DENUNCIAS<\/h4>\t\t\t\t\t\t<div class=\"info-box-inner set-cont-mb-s reset-last-child\">\n\t\t\t\t\t\t\t\t\t\t\t\t\t<\/div>\n\n\t\t\t\t\t\t\t\t\t\t\t<\/div>\n\n\t\t\t\t\t<style>#wd-646d95d2b2ce5 .info-box-icon {background-color:  !important;}#wd-646d95d2b2ce5:hover .info-box-icon{background-color:  !important;}<\/style>\t\t\t\t<\/div>\n\t\t\t<\/div>\n\t\t\t\t\t<div class=\"info-box-wrapper\">\n\t\t\t\t<div id=\"wd-646d95e35f7eb\" class=\" wd-rs-646d95e35f7eb cursor-pointer wd-info-box wd-wpb text-center box-icon-align-top box-style- color-scheme- wd-bg-none wd-off-anim wpb_animate_when_almost_visible wpb_bounceIn bounceIn wd-anim-name_bounceIn \"  onclick=\"window.location.href=&quot;#&quot;\"  >\n\t\t\t\t\t\t\t\t\t\t\t<div class=\"box-icon-wrapper  box-with-icon box-icon-with-border\">\n\t\t\t\t\t\t\t<div class=\"info-box-icon\">\n\n\t\t\t\t\t\t\t\n\t\t\t\t\t\t\t\t\t\t\t\t\t\t\t\t\t<img loading=\"lazy\" decoding=\"async\" width=\"120\" height=\"120\" src=\"https:\/\/bomberosantonioante.gob.ec\/web\/wp-content\/uploads\/2023\/05\/iconos-contacto.png\" class=\"info-icon image-1 attachment-full\" alt=\"\" title=\"iconos-contacto\" \/>\t\t\t\t\t\t\t\t\t\t\t\t\t\t\t\n\t\t\t\t\t\t\t<\/div>\n\t\t\t\t\t\t<\/div>\n\t\t\t\t\t\t\t\t\t\t<div class=\"info-box-content\">\n\t\t\t\t\t\t<h4 class=\"info-box-title title box-title-style-default wd-fontsize-m\">CONT\u00c1CTANOS<\/h4>\t\t\t\t\t\t<div class=\"info-box-inner set-cont-mb-s reset-last-child\">\n\t\t\t\t\t\t\t\t\t\t\t\t\t<\/div>\n\n\t\t\t\t\t\t\t\t\t\t\t<\/div>\n\n\t\t\t\t\t<style>#wd-646d95e35f7eb .info-box-icon {background-color:  !important;}#wd-646d95e35f7eb:hover .info-box-icon{background-color:  !important;}<\/style>\t\t\t\t<\/div>\n\t\t\t<\/div>\n\t\t\t\t\t<div class=\"info-box-wrapper\">\n\t\t\t\t<div id=\"wd-646d95efbedd2\" class=\" wd-rs-646d95efbedd2 cursor-pointer wd-info-box wd-wpb text-center box-icon-align-top box-style- color-scheme- wd-bg-none wd-off-anim wpb_animate_when_almost_visible wpb_bounceIn bounceIn wd-anim-name_bounceIn \"  onclick=\"window.location.href=&quot;#&quot;\"  >\n\t\t\t\t\t\t\t\t\t\t\t<div class=\"box-icon-wrapper  box-with-icon box-icon-with-border\">\n\t\t\t\t\t\t\t<div class=\"info-box-icon\">\n\n\t\t\t\t\t\t\t\n\t\t\t\t\t\t\t\t\t\t\t\t\t\t\t\t\t<img loading=\"lazy\" decoding=\"async\" width=\"120\" height=\"120\" src=\"https:\/\/bomberosantonioante.gob.ec\/web\/wp-content\/uploads\/2023\/05\/eiconos-rendicion.png\" class=\"info-icon image-1 attachment-full\" alt=\"\" title=\"eiconos-rendicion\" \/>\t\t\t\t\t\t\t\t\t\t\t\t\t\t\t\n\t\t\t\t\t\t\t<\/div>\n\t\t\t\t\t\t<\/div>\n\t\t\t\t\t\t\t\t\t\t<div class=\"info-box-content\">\n\t\t\t\t\t\t<h4 class=\"info-box-title title box-title-style-default wd-fontsize-m\">RENDICI\u00d3N DE CUENTAS<\/h4>\t\t\t\t\t\t<div class=\"info-box-inner set-cont-mb-s reset-last-child\">\n\t\t\t\t\t\t\t\t\t\t\t\t\t<\/div>\n\n\t\t\t\t\t\t\t\t\t\t\t<\/div>\n\n\t\t\t\t\t<style>#wd-646d95efbedd2 .info-box-icon {background-color:  !important;}#wd-646d95efbedd2:hover .info-box-icon{background-color:  !important;}<\/style>\t\t\t\t<\/div>\n\t\t\t<\/div>\n\t\t\t\t\t\t<\/div>\n\t\t\t<\/div>\n\t\t[\/vc_column][\/vc_row]<\/p>\n<\/div>","protected":false},"excerpt":{"rendered":"<p>[vc_row woodmart_stretch_content=\u00bbsection-stretch-content-no-pd\u00bb woodmart_bg_position=\u00bbcenter-center\u00bb css=\u00bb.vc_custom_1685053762955{margin-top: -38px !important;background-image: url(https:\/\/bomberosantonioante.gob.ec\/web\/wp-content\/uploads\/2023\/05\/DSC00736.jpg?id=89) !important;background-position: center !important;background-repeat: no-repeat !important;background-size: cover !important;}\u00bb woodmart_css_id=\u00bb646fe112bd617&#8243; responsive_spacing=\u00bbeyJwYXJhbV90eXBlIjoid29vZG1hcnRfcmVzcG9uc2l2ZV9zcGFjaW5nIiwic2VsZWN0b3JfaWQiOiI2NDZmZTExMmJkNjE3Iiwic2hvcnRjb2RlIjoidmNfcm93IiwiZGF0YSI6eyJ0YWJsZXQiOnt9LCJtb2JpbGUiOnt9fX0=\u00bb mobile_bg_img_hidden=\u00bbno\u00bb tablet_bg_img_hidden=\u00bbno\u00bb woodmart_parallax=\u00bb0&#8243; woodmart_gradient_switch=\u00bbno\u00bb<\/p>\n","protected":false},"author":1,"featured_media":0,"parent":0,"menu_order":0,"comment_status":"closed","ping_status":"closed","template":"","meta":{"_monsterinsights_skip_tracking":false,"_monsterinsights_sitenote_active":false,"_monsterinsights_sitenote_note":"","_monsterinsights_sitenote_category":0,"footnotes":""},"class_list":["post-482","page","type-page","status-publish","hentry"],"aioseo_notices":[],"_links":{"self":[{"href":"https:\/\/bomberosantonioante.gob.ec\/web\/wp-json\/wp\/v2\/pages\/482","targetHints":{"allow":["GET"]}}],"collection":[{"href":"https:\/\/bomberosantonioante.gob.ec\/web\/wp-json\/wp\/v2\/pages"}],"about":[{"href":"https:\/\/bomberosantonioante.gob.ec\/web\/wp-json\/wp\/v2\/types\/page"}],"author":[{"embeddable":true,"href":"https:\/\/bomberosantonioante.gob.ec\/web\/wp-json\/wp\/v2\/users\/1"}],"replies":[{"embeddable":true,"href":"https:\/\/bomberosantonioante.gob.ec\/web\/wp-json\/wp\/v2\/comments?post=482"}],"version-history":[{"count":0,"href":"https:\/\/bomberosantonioante.gob.ec\/web\/wp-json\/wp\/v2\/pages\/482\/revisions"}],"wp:attachment":[{"href":"https:\/\/bomberosantonioante.gob.ec\/web\/wp-json\/wp\/v2\/media?parent=482"}],"curies":[{"name":"wp","href":"https:\/\/api.w.org\/{rel}","templated":true}]}}